{"id":278,"date":"2018-09-27T15:03:39","date_gmt":"2018-09-27T13:03:39","guid":{"rendered":"https:\/\/jaipastonstyle.com\/?page_id=278"},"modified":"2019-11-27T18:52:13","modified_gmt":"2019-11-27T17:52:13","slug":"formule-gratuite","status":"publish","type":"page","link":"https:\/\/jaipastonstyle.com\/index.php\/formule-gratuite\/","title":{"rendered":"Formule gratuite"},"content":{"rendered":"<div  data-id=\"initial-content-section\" data-export-id=\"initial-content-section\" data-label=\"Initial Content\" id=\"initial-content-section\" class=\"content-section content-section-spacing\">\n   <div  class=\"gridContainer\">\n     <div  class=\"row\">\n\n        <div  class=\"col-xs-12 col-sm-12\">                <p  style=\"text-align: left;\"><span  style=\"font-weight: 700;\">EXTRAIT DES CGU<\/span><br ><br ><span  style=\"font-weight: 700;\">Formule pour&nbsp; un site de rencontre gratuit:<\/span><br >\n-Cr\u00e9ation d\u2019un profil riche en crit\u00e8res<br >\n-Utilisation illimit\u00e9e du moteur de recherche<br >\n-Tchat \u00e9crit illimit\u00e9\n<br ><br ><br >\n<span  style=\"text-decoration: underline;\"><span  style=\"font-style: italic;\"><span style=\"font-weight: 700;\" >Restrictions :\n<\/span><\/span><\/span><br ><span style=\"font-weight: 600;\" >-Like (j\u2019aime):<\/span><br >\n\u2022\tLe Membre ne peut transmettre que 1 \u00ab Like \u00bb par jour \u00e0 tout autre membre. Nous pr\u00e9cisons qu\u2019il faut que 2 membres se soient transmis r\u00e9ciproquement un \u00ab Like \u00bb (qui peut \u00eatre de nature diff\u00e9rente : style, personnalit\u00e9 ou valeur) pour pouvoir communiquer par l\u2019interm\u00e9diaire de la messagerie de l\u2019application.<br >\n\u2022\tLe Membre X ne peut conna\u00eetre l\u2019identit\u00e9 d\u2019un autre Membre Y si cet autre Membre Y l\u2019a lik\u00e9 en premier. Le Membre X doit avoir lik\u00e9 en premier pour conna\u00eetre l\u2019identit\u00e9 du Membre Y.\n<br ><br >\n<span style=\"font-weight: 600;\" >-Visite :<\/span> Le Membre ne peut pas voir qui a visit\u00e9 son profil.\n<br ><br >\n<span style=\"font-weight: 600;\" >-Photos :<\/span> 3 photos maximum affich\u00e9es sur le profil. A chaque instant, chaque Membre peut retirer toute photo de son profil.\n<br ><br >\n<span style=\"font-weight: 600;\" >-Annonce :<\/span> Le Membre ne peut pas \u00e9diter de Texte d\u2019accroche.<\/p>\n\n          <\/div>\n      <\/div>\n  <\/div>\n<\/div>","protected":false},"excerpt":{"rendered":"<p>EXTRAIT DES CGUFormule pour&nbsp; un site de rencontre gratuit: -Cr\u00e9ation d\u2019un profil riche en crit\u00e8res -Utilisation illimit\u00e9e du moteur de recherche -Tchat \u00e9crit illimit\u00e9 Restrictions : -Like (j\u2019aime): \u2022 Le Membre ne peut transmettre que 1 \u00ab Like \u00bb par jour \u00e0 tout autre membre. Nous pr\u00e9cisons qu\u2019il faut que 2 membres se soient transmis&hellip; <br \/> <a class=\"read-more\" href=\"https:\/\/jaipastonstyle.com\/index.php\/formule-gratuite\/\">Read more<\/a><\/p>\n","protected":false},"author":1,"featured_media":0,"parent":0,"menu_order":0,"comment_status":"closed","ping_status":"closed","template":"pro\/page-templates\/full-width-page.php","meta":{"footnotes":""},"class_list":["post-278","page","type-page","status-publish","hentry"],"yoast_head":"<!-- This site is optimized with the Yoast SEO plugin v23.9 - https:\/\/yoast.com\/wordpress\/plugins\/seo\/ -->\n<title>Formule gratuite -<\/title>\n<meta name=\"description\" content=\"Site de rencontre gratuit: Profils complets et mod\u00e9r\u00e9s - Recherches illimit\u00e9es - Tchat illimit\u00e9 - 1 like par jour\" \/>\n<meta name=\"robots\" content=\"index, follow, max-snippet:-1, max-image-preview:large, max-video-preview:-1\" \/>\n<link rel=\"canonical\" href=\"https:\/\/jaipastonstyle.com\/index.php\/formule-gratuite\/\" \/>\n<meta property=\"og:locale\" content=\"fr_FR\" \/>\n<meta property=\"og:type\" content=\"article\" \/>\n<meta property=\"og:title\" content=\"Formule gratuite -\" \/>\n<meta property=\"og:description\" content=\"Site de rencontre gratuit: Profils complets et mod\u00e9r\u00e9s - Recherches illimit\u00e9es - Tchat illimit\u00e9 - 1 like par jour\" \/>\n<meta property=\"og:url\" content=\"https:\/\/jaipastonstyle.com\/index.php\/formule-gratuite\/\" \/>\n<meta property=\"article:publisher\" content=\"https:\/\/www.facebook.com\/jaipastonstyleofficiel\" \/>\n<meta property=\"article:modified_time\" content=\"2019-11-27T17:52:13+00:00\" \/>\n<meta name=\"twitter:card\" content=\"summary_large_image\" \/>\n<meta name=\"twitter:label1\" content=\"Dur\u00e9e de lecture estim\u00e9e\" \/>\n\t<meta name=\"twitter:data1\" content=\"1 minute\" \/>\n<script type=\"application\/ld+json\" class=\"yoast-schema-graph\">{\"@context\":\"https:\/\/schema.org\",\"@graph\":[{\"@type\":\"WebPage\",\"@id\":\"https:\/\/jaipastonstyle.com\/index.php\/formule-gratuite\/\",\"url\":\"https:\/\/jaipastonstyle.com\/index.php\/formule-gratuite\/\",\"name\":\"Formule gratuite -\",\"isPartOf\":{\"@id\":\"https:\/\/jaipastonstyle.com\/#website\"},\"datePublished\":\"2018-09-27T13:03:39+00:00\",\"dateModified\":\"2019-11-27T17:52:13+00:00\",\"description\":\"Site de rencontre gratuit: Profils complets et mod\u00e9r\u00e9s - Recherches illimit\u00e9es - Tchat illimit\u00e9 - 1 like par jour\",\"breadcrumb\":{\"@id\":\"https:\/\/jaipastonstyle.com\/index.php\/formule-gratuite\/#breadcrumb\"},\"inLanguage\":\"fr-FR\",\"potentialAction\":[{\"@type\":\"ReadAction\",\"target\":[\"https:\/\/jaipastonstyle.com\/index.php\/formule-gratuite\/\"]}]},{\"@type\":\"BreadcrumbList\",\"@id\":\"https:\/\/jaipastonstyle.com\/index.php\/formule-gratuite\/#breadcrumb\",\"itemListElement\":[{\"@type\":\"ListItem\",\"position\":1,\"name\":\"Accueil\",\"item\":\"https:\/\/jaipastonstyle.com\/\"},{\"@type\":\"ListItem\",\"position\":2,\"name\":\"Formule gratuite\"}]},{\"@type\":\"WebSite\",\"@id\":\"https:\/\/jaipastonstyle.com\/#website\",\"url\":\"https:\/\/jaipastonstyle.com\/\",\"name\":\"JaipastonStyle\",\"description\":\"Jaipastonstyle Pour des rencontres ouvertes \u00e0 la diff\u00e9rence\",\"potentialAction\":[{\"@type\":\"SearchAction\",\"target\":{\"@type\":\"EntryPoint\",\"urlTemplate\":\"https:\/\/jaipastonstyle.com\/?s={search_term_string}\"},\"query-input\":{\"@type\":\"PropertyValueSpecification\",\"valueRequired\":true,\"valueName\":\"search_term_string\"}}],\"inLanguage\":\"fr-FR\"}]}<\/script>\n<!-- \/ Yoast SEO plugin. -->","yoast_head_json":{"title":"Formule gratuite -","description":"Site de rencontre gratuit: Profils complets et mod\u00e9r\u00e9s - Recherches illimit\u00e9es - Tchat illimit\u00e9 - 1 like par jour","robots":{"index":"index","follow":"follow","max-snippet":"max-snippet:-1","max-image-preview":"max-image-preview:large","max-video-preview":"max-video-preview:-1"},"canonical":"https:\/\/jaipastonstyle.com\/index.php\/formule-gratuite\/","og_locale":"fr_FR","og_type":"article","og_title":"Formule gratuite -","og_description":"Site de rencontre gratuit: Profils complets et mod\u00e9r\u00e9s - Recherches illimit\u00e9es - Tchat illimit\u00e9 - 1 like par jour","og_url":"https:\/\/jaipastonstyle.com\/index.php\/formule-gratuite\/","article_publisher":"https:\/\/www.facebook.com\/jaipastonstyleofficiel","article_modified_time":"2019-11-27T17:52:13+00:00","twitter_card":"summary_large_image","twitter_misc":{"Dur\u00e9e de lecture estim\u00e9e":"1 minute"},"schema":{"@context":"https:\/\/schema.org","@graph":[{"@type":"WebPage","@id":"https:\/\/jaipastonstyle.com\/index.php\/formule-gratuite\/","url":"https:\/\/jaipastonstyle.com\/index.php\/formule-gratuite\/","name":"Formule gratuite -","isPartOf":{"@id":"https:\/\/jaipastonstyle.com\/#website"},"datePublished":"2018-09-27T13:03:39+00:00","dateModified":"2019-11-27T17:52:13+00:00","description":"Site de rencontre gratuit: Profils complets et mod\u00e9r\u00e9s - Recherches illimit\u00e9es - Tchat illimit\u00e9 - 1 like par jour","breadcrumb":{"@id":"https:\/\/jaipastonstyle.com\/index.php\/formule-gratuite\/#breadcrumb"},"inLanguage":"fr-FR","potentialAction":[{"@type":"ReadAction","target":["https:\/\/jaipastonstyle.com\/index.php\/formule-gratuite\/"]}]},{"@type":"BreadcrumbList","@id":"https:\/\/jaipastonstyle.com\/index.php\/formule-gratuite\/#breadcrumb","itemListElement":[{"@type":"ListItem","position":1,"name":"Accueil","item":"https:\/\/jaipastonstyle.com\/"},{"@type":"ListItem","position":2,"name":"Formule gratuite"}]},{"@type":"WebSite","@id":"https:\/\/jaipastonstyle.com\/#website","url":"https:\/\/jaipastonstyle.com\/","name":"JaipastonStyle","description":"Jaipastonstyle Pour des rencontres ouvertes \u00e0 la diff\u00e9rence","potentialAction":[{"@type":"SearchAction","target":{"@type":"EntryPoint","urlTemplate":"https:\/\/jaipastonstyle.com\/?s={search_term_string}"},"query-input":{"@type":"PropertyValueSpecification","valueRequired":true,"valueName":"search_term_string"}}],"inLanguage":"fr-FR"}]}},"_links":{"self":[{"href":"https:\/\/jaipastonstyle.com\/index.php\/wp-json\/wp\/v2\/pages\/278","targetHints":{"allow":["GET"]}}],"collection":[{"href":"https:\/\/jaipastonstyle.com\/index.php\/wp-json\/wp\/v2\/pages"}],"about":[{"href":"https:\/\/jaipastonstyle.com\/index.php\/wp-json\/wp\/v2\/types\/page"}],"author":[{"embeddable":true,"href":"https:\/\/jaipastonstyle.com\/index.php\/wp-json\/wp\/v2\/users\/1"}],"replies":[{"embeddable":true,"href":"https:\/\/jaipastonstyle.com\/index.php\/wp-json\/wp\/v2\/comments?post=278"}],"version-history":[{"count":9,"href":"https:\/\/jaipastonstyle.com\/index.php\/wp-json\/wp\/v2\/pages\/278\/revisions"}],"predecessor-version":[{"id":514,"href":"https:\/\/jaipastonstyle.com\/index.php\/wp-json\/wp\/v2\/pages\/278\/revisions\/514"}],"wp:attachment":[{"href":"https:\/\/jaipastonstyle.com\/index.php\/wp-json\/wp\/v2\/media?parent=278"}],"curies":[{"name":"wp","href":"https:\/\/api.w.org\/{rel}","templated":true}]}}