{"id":298,"date":"2018-09-28T17:09:26","date_gmt":"2018-09-28T15:09:26","guid":{"rendered":"https:\/\/jaipastonstyle.com\/?page_id=298"},"modified":"2019-11-27T18:45:30","modified_gmt":"2019-11-27T17:45:30","slug":"pass-premium","status":"publish","type":"page","link":"https:\/\/jaipastonstyle.com\/index.php\/pass-premium\/","title":{"rendered":"Pass Premium"},"content":{"rendered":"<div  data-id=\"initial-content-section\" data-export-id=\"initial-content-section\" data-label=\"Initial Content\" id=\"initial-content-section\" class=\"content-section content-section-spacing\">\n   <div  class=\"gridContainer\">\n     <div  class=\"row\">\n\n        <div  class=\"col-xs-12 col-sm-12\">                <p  style=\"text-align: left;\"><span  style=\"font-weight: 700;\">PASS Premium: Formule payante<\/span><\/p>\n<p >&nbsp;1 MOIS DECOUVERTE PREMIUM GRATUIT POUR TOUT NOUVEAU MEMBRE<\/p>\n<p  style=\"text-align: left;\"><\/p>\n<p  style=\"text-align: left;\">Dans cette formule, le membre b\u00e9n\u00e9ficie de fonctionnalit\u00e9s et d\u2019avantages suppl\u00e9mentaires par rapport \u00e0 la formule gratuite :<\/p>\n<p  style=\"text-align: left;\">-Likes illimit\u00e9s<br >\n-Conna\u00eetre l\u2019identit\u00e9 d\u2019une personne inconnue qui a lik\u00e9 le Membre.<br >\n-Conna\u00eetre l\u2019identit\u00e9 d\u2019une personne qui a visit\u00e9 son profil.<\/p>\n<p  style=\"text-align: left;\">\n<br ><br >Profil davantage personnalisable :\n<br ><br ><br >\n-Photos : 10 photos maximum affich\u00e9es sur le profil. A chaque instant, chaque Membre peut retirer toute photo de son profil.<br >\n-Annonce : possibilit\u00e9 d\u2019\u00e9diter un Texte d\u2019accroche. (A tout moment, le Texte d\u2019accroche peut \u00eatre modifi\u00e9. Il sera visible sous 48 heures apr\u00e8s notre mod\u00e9ration)<br >\n-Suppression des publicit\u00e9s Google Ads.<\/p>\n<p  style=\"text-align: left;\"><\/p>\n<p  style=\"text-align: left;\">Tarif : 3,99 Euros par mois sans engagement (r\u00e9siliable \u00e0 tout moment)<\/p>\n<p  style=\"text-align: left;\"><\/p>\n<p  style=\"text-align: left;\"><\/p>\n<p  style=\"text-align: left;\"><\/p>\n<p  style=\"text-align: left;\"><\/p>\n<p  style=\"text-align: left;\"><\/p>\n<p  style=\"text-align: left;\"><\/p>\n<p  style=\"text-align: left;\"><\/p>\n\n          <\/div>\n      <\/div>\n  <\/div>\n<\/div>","protected":false},"excerpt":{"rendered":"<p>PASS Premium: Formule payante &nbsp;1 MOIS DECOUVERTE PREMIUM GRATUIT POUR TOUT NOUVEAU MEMBRE Dans cette formule, le membre b\u00e9n\u00e9ficie de fonctionnalit\u00e9s et d\u2019avantages suppl\u00e9mentaires par rapport \u00e0 la formule gratuite : -Likes illimit\u00e9s -Conna\u00eetre l\u2019identit\u00e9 d\u2019une personne inconnue qui a lik\u00e9 le Membre. -Conna\u00eetre l\u2019identit\u00e9 d\u2019une personne qui a visit\u00e9 son profil. Profil davantage personnalisable&hellip; <br \/> <a class=\"read-more\" href=\"https:\/\/jaipastonstyle.com\/index.php\/pass-premium\/\">Read more<\/a><\/p>\n","protected":false},"author":1,"featured_media":0,"parent":0,"menu_order":0,"comment_status":"closed","ping_status":"closed","template":"pro\/page-templates\/full-width-page.php","meta":{"footnotes":""},"class_list":["post-298","page","type-page","status-publish","hentry"],"yoast_head":"<!-- This site is optimized with the Yoast SEO plugin v23.9 - https:\/\/yoast.com\/wordpress\/plugins\/seo\/ -->\n<title>Pass Premium -<\/title>\n<meta name=\"description\" content=\"Pass Premium \u00e0 partir de 2\u20ac\/mois: Texte d\u2019accroche personnalis\u00e9 - Plus de photos sur le profil - Likes illimit\u00e9s - Moins 20% sur les Events - Moins de pub\" \/>\n<meta name=\"robots\" content=\"index, follow, max-snippet:-1, max-image-preview:large, max-video-preview:-1\" \/>\n<link rel=\"canonical\" href=\"https:\/\/jaipastonstyle.com\/index.php\/pass-premium\/\" \/>\n<meta property=\"og:locale\" content=\"fr_FR\" \/>\n<meta property=\"og:type\" content=\"article\" \/>\n<meta property=\"og:title\" content=\"Pass Premium -\" \/>\n<meta property=\"og:description\" content=\"Pass Premium \u00e0 partir de 2\u20ac\/mois: Texte d\u2019accroche personnalis\u00e9 - Plus de photos sur le profil - Likes illimit\u00e9s - Moins 20% sur les Events - Moins de pub\" \/>\n<meta property=\"og:url\" content=\"https:\/\/jaipastonstyle.com\/index.php\/pass-premium\/\" \/>\n<meta property=\"article:publisher\" content=\"https:\/\/www.facebook.com\/jaipastonstyleofficiel\" \/>\n<meta property=\"article:modified_time\" content=\"2019-11-27T17:45:30+00:00\" \/>\n<meta name=\"twitter:card\" content=\"summary_large_image\" \/>\n<meta name=\"twitter:label1\" content=\"Dur\u00e9e de lecture estim\u00e9e\" \/>\n\t<meta name=\"twitter:data1\" content=\"1 minute\" \/>\n<script type=\"application\/ld+json\" class=\"yoast-schema-graph\">{\"@context\":\"https:\/\/schema.org\",\"@graph\":[{\"@type\":\"WebPage\",\"@id\":\"https:\/\/jaipastonstyle.com\/index.php\/pass-premium\/\",\"url\":\"https:\/\/jaipastonstyle.com\/index.php\/pass-premium\/\",\"name\":\"Pass Premium -\",\"isPartOf\":{\"@id\":\"https:\/\/jaipastonstyle.com\/#website\"},\"datePublished\":\"2018-09-28T15:09:26+00:00\",\"dateModified\":\"2019-11-27T17:45:30+00:00\",\"description\":\"Pass Premium \u00e0 partir de 2\u20ac\/mois: Texte d\u2019accroche personnalis\u00e9 - Plus de photos sur le profil - Likes illimit\u00e9s - Moins 20% sur les Events - Moins de pub\",\"breadcrumb\":{\"@id\":\"https:\/\/jaipastonstyle.com\/index.php\/pass-premium\/#breadcrumb\"},\"inLanguage\":\"fr-FR\",\"potentialAction\":[{\"@type\":\"ReadAction\",\"target\":[\"https:\/\/jaipastonstyle.com\/index.php\/pass-premium\/\"]}]},{\"@type\":\"BreadcrumbList\",\"@id\":\"https:\/\/jaipastonstyle.com\/index.php\/pass-premium\/#breadcrumb\",\"itemListElement\":[{\"@type\":\"ListItem\",\"position\":1,\"name\":\"Accueil\",\"item\":\"https:\/\/jaipastonstyle.com\/\"},{\"@type\":\"ListItem\",\"position\":2,\"name\":\"Pass Premium\"}]},{\"@type\":\"WebSite\",\"@id\":\"https:\/\/jaipastonstyle.com\/#website\",\"url\":\"https:\/\/jaipastonstyle.com\/\",\"name\":\"JaipastonStyle\",\"description\":\"Jaipastonstyle Pour des rencontres ouvertes \u00e0 la diff\u00e9rence\",\"potentialAction\":[{\"@type\":\"SearchAction\",\"target\":{\"@type\":\"EntryPoint\",\"urlTemplate\":\"https:\/\/jaipastonstyle.com\/?s={search_term_string}\"},\"query-input\":{\"@type\":\"PropertyValueSpecification\",\"valueRequired\":true,\"valueName\":\"search_term_string\"}}],\"inLanguage\":\"fr-FR\"}]}<\/script>\n<!-- \/ Yoast SEO plugin. -->","yoast_head_json":{"title":"Pass Premium -","description":"Pass Premium \u00e0 partir de 2\u20ac\/mois: Texte d\u2019accroche personnalis\u00e9 - Plus de photos sur le profil - Likes illimit\u00e9s - Moins 20% sur les Events - Moins de pub","robots":{"index":"index","follow":"follow","max-snippet":"max-snippet:-1","max-image-preview":"max-image-preview:large","max-video-preview":"max-video-preview:-1"},"canonical":"https:\/\/jaipastonstyle.com\/index.php\/pass-premium\/","og_locale":"fr_FR","og_type":"article","og_title":"Pass Premium -","og_description":"Pass Premium \u00e0 partir de 2\u20ac\/mois: Texte d\u2019accroche personnalis\u00e9 - Plus de photos sur le profil - Likes illimit\u00e9s - Moins 20% sur les Events - Moins de pub","og_url":"https:\/\/jaipastonstyle.com\/index.php\/pass-premium\/","article_publisher":"https:\/\/www.facebook.com\/jaipastonstyleofficiel","article_modified_time":"2019-11-27T17:45:30+00:00","twitter_card":"summary_large_image","twitter_misc":{"Dur\u00e9e de lecture estim\u00e9e":"1 minute"},"schema":{"@context":"https:\/\/schema.org","@graph":[{"@type":"WebPage","@id":"https:\/\/jaipastonstyle.com\/index.php\/pass-premium\/","url":"https:\/\/jaipastonstyle.com\/index.php\/pass-premium\/","name":"Pass Premium -","isPartOf":{"@id":"https:\/\/jaipastonstyle.com\/#website"},"datePublished":"2018-09-28T15:09:26+00:00","dateModified":"2019-11-27T17:45:30+00:00","description":"Pass Premium \u00e0 partir de 2\u20ac\/mois: Texte d\u2019accroche personnalis\u00e9 - Plus de photos sur le profil - Likes illimit\u00e9s - Moins 20% sur les Events - Moins de pub","breadcrumb":{"@id":"https:\/\/jaipastonstyle.com\/index.php\/pass-premium\/#breadcrumb"},"inLanguage":"fr-FR","potentialAction":[{"@type":"ReadAction","target":["https:\/\/jaipastonstyle.com\/index.php\/pass-premium\/"]}]},{"@type":"BreadcrumbList","@id":"https:\/\/jaipastonstyle.com\/index.php\/pass-premium\/#breadcrumb","itemListElement":[{"@type":"ListItem","position":1,"name":"Accueil","item":"https:\/\/jaipastonstyle.com\/"},{"@type":"ListItem","position":2,"name":"Pass Premium"}]},{"@type":"WebSite","@id":"https:\/\/jaipastonstyle.com\/#website","url":"https:\/\/jaipastonstyle.com\/","name":"JaipastonStyle","description":"Jaipastonstyle Pour des rencontres ouvertes \u00e0 la diff\u00e9rence","potentialAction":[{"@type":"SearchAction","target":{"@type":"EntryPoint","urlTemplate":"https:\/\/jaipastonstyle.com\/?s={search_term_string}"},"query-input":{"@type":"PropertyValueSpecification","valueRequired":true,"valueName":"search_term_string"}}],"inLanguage":"fr-FR"}]}},"_links":{"self":[{"href":"https:\/\/jaipastonstyle.com\/index.php\/wp-json\/wp\/v2\/pages\/298","targetHints":{"allow":["GET"]}}],"collection":[{"href":"https:\/\/jaipastonstyle.com\/index.php\/wp-json\/wp\/v2\/pages"}],"about":[{"href":"https:\/\/jaipastonstyle.com\/index.php\/wp-json\/wp\/v2\/types\/page"}],"author":[{"embeddable":true,"href":"https:\/\/jaipastonstyle.com\/index.php\/wp-json\/wp\/v2\/users\/1"}],"replies":[{"embeddable":true,"href":"https:\/\/jaipastonstyle.com\/index.php\/wp-json\/wp\/v2\/comments?post=298"}],"version-history":[{"count":16,"href":"https:\/\/jaipastonstyle.com\/index.php\/wp-json\/wp\/v2\/pages\/298\/revisions"}],"predecessor-version":[{"id":512,"href":"https:\/\/jaipastonstyle.com\/index.php\/wp-json\/wp\/v2\/pages\/298\/revisions\/512"}],"wp:attachment":[{"href":"https:\/\/jaipastonstyle.com\/index.php\/wp-json\/wp\/v2\/media?parent=298"}],"curies":[{"name":"wp","href":"https:\/\/api.w.org\/{rel}","templated":true}]}}