{"id":3,"date":"2018-08-24T19:02:41","date_gmt":"2018-08-24T17:02:41","guid":{"rendered":"https:\/\/jaipastonstyle.com\/?page_id=3"},"modified":"2022-01-30T19:54:48","modified_gmt":"2022-01-30T18:54:48","slug":"politique-de-confidentialite","status":"publish","type":"page","link":"https:\/\/jaipastonstyle.com\/index.php\/politique-de-confidentialite\/","title":{"rendered":"Politique de confidentialit\u00e9"},"content":{"rendered":"<div  data-id=\"initial-content-section\" data-export-id=\"initial-content-section\" data-label=\"Initial Content\" id=\"initial-content-section\" class=\"content-section content-section-spacing\">\n   <div  class=\"gridContainer\">\n     <div  class=\"row\">\n\n        <div  class=\"col-xs-12 col-sm-12\">                <h2 >POLITIQUE DE CONFIDENTIALITE DE JAIPASTONSTYLE<\/h2>\n<p ><br >\nLa pr\u00e9sente Politique de confidentialit\u00e9 a pour objet de vous aider \u00e0 comprendre comment nous traitons vos donn\u00e9es.<br >\n\n<br ><br ><span  style=\"font-weight: 700;\">1. Types de donn\u00e9es recueillies:<\/span><br >\nDonn\u00e9es prot\u00e9g\u00e9es<br >\nLes donn\u00e9es suivantes que vous nous fournissez sont prot\u00e9g\u00e9es :<br >\n-Pseudonyme ou pr\u00e9nom<br >\n-Adresse e-mail\n<br >-Num\u00e9ro de t\u00e9l\u00e9phone mobile et adresse IP d\u2019achat<br >\n-Coordonn\u00e9es de la carte bancaire\n<br ><br >\nDonn\u00e9es non prot\u00e9g\u00e9es<br >\nLes autres donn\u00e9es (dont les photos) ne sont pas prot\u00e9g\u00e9es et sont consid\u00e9r\u00e9es comme \u00abpubliques \u00bb, donc accessibles que ce soit sur l\u2019application par des Membres ou sur des moteurs de recherche par des internautes. Ces donn\u00e9es non prot\u00e9g\u00e9es se retrouvent donc sur votre profil et \u00e9galement sur vos conversations de la messagerie Jaipastonstyle.  Le membre qui les fournit en prend la totale responsabilit\u00e9.<br >\nDonn\u00e9es sensibles :<br >\nLes donn\u00e9es sensibles sont notamment : l\u2019origine ethnique, la nationalit\u00e9, la religion et les orientations sexuelles. Chaque membre peut fournir ces informations sur son profil ou lors de discussions avec d\u2019autres Membres. En fournissant de telles informations pour qu\u2019elles apparaissent sur son profil, le Membre donne son consentement au traitement de ces donn\u00e9es et en prend la totale responsabilit\u00e9.<br >\n Les informations recueillies sont destin\u00e9es \u00e0 Jaipastonstyle, pour vous permettre d\u2019acc\u00e9der aux services de l\u2019application Jaipastonstyle. Vous pouvez demander \u00e0 acc\u00e9der, faire rectifier ou supprimer les informations vous concernant ou vous opposer \u00e0 leur traitement par Jaipastonstyle dans la rubrique  \u00abGestion de mon compte \u00bb sur l\u2019application Jaipastonstyle et\/ ou dans l\u2019onglet \u00ab contact \u00bb.<br >\n Donn\u00e9es relatives \u00e0 votre appareil :<br >\nNous recueillons des informations depuis les appareils utilisez pour acc\u00e9der \u00e0 nos services:<br >\n l\u2019adresse IP, le num\u00e9ro de portable, l\u2019identifiant et le type d\u2019appareil ainsi que ses param\u00e8tres et ses caract\u00e9ristiques, les pannes de l\u2019application, les identifiants de publicit\u00e9, le type de navigateur utilis\u00e9, la version et la langue, le syst\u00e8me d\u2019exploitation, les fuseaux horaires, les identifiants associ\u00e9s aux cookies, des informations sur votre r\u00e9seau mobile.\n<br ><br ><br >\n<span  style=\"font-weight: 700;\">2. Donn\u00e9es re\u00e7ues de tiers<\/span><br >\nLes autres utilisateurs peuvent fournir des informations vous concernant lorsqu\u2019ils utilisent nos services, notamment dans le cas de signalements.\n<br ><br ><br >\n<span  style=\"font-weight: 700;\">3. Donn\u00e9es trait\u00e9es par Weezevent<\/span><br >\nDans le cadre des inscriptions aux Events, les donn\u00e9es \u00e0 caract\u00e8re personnel trait\u00e9es par Weezevents sont :<br >\n-Par d\u00e9faut, le nom, pr\u00e9nom, l\u2019adresse de messa\u00acgerie et le num\u00e9ro de t\u00e9l\u00e9phone,<br >\n-Selon les besoins de l\u2019\u00e9v\u00e9nement : la date de naissance, l\u2019adresse postale, une photo identi-fiant la personne,<br >\n-Afin de tra\u00e7a\u00acbilit\u00e9, l\u2019adresse IP d\u2019achat est \u00e9galement conserv\u00e9e,<br >\n-La r\u00e9f\u00e9rence de paiement aupr\u00e8s de leur presta\u00actaire de paiement bancaire.\n<br ><br ><br >\n<span  style=\"font-weight: 700;\">4. Donn\u00e9es trait\u00e9es par les plateformes IOS et Android<\/span><br >\nDans le cadre du paiement de l\u2019abonnement Premium, les donn\u00e9es \u00e0 caract\u00e8re personnel trait\u00e9es par les plateformes IOS et Android sont :<br >\n-Afin de tra\u00e7a\u00acbilit\u00e9, l\u2019adresse IP d\u2019achat<br >\n-La r\u00e9f\u00e9rence de paiement (coordonn\u00e9es de carte bancaire)\n<br ><br ><br >\n<span  style=\"font-weight: 700;\">5. Liens publicitaires vers d\u2019autres sites<\/span><br >\nNos CGU ne s\u2019appliquent pas aux autres sites internet dont des liens publicitaires pourraient exister sur l\u2019application  Jaipastonstyle ou sur le site jaipastonstyle.com. Nous ne recommandons ni ne donnons aucune garantie sur les services propos\u00e9s par ces sites.\n<br ><br ><br >\n<span  style=\"font-weight: 700;\">6. Utilisation et partage de vos donn\u00e9es<\/span><br >\nL\u2019utilisation de vos donn\u00e9es sert \u00e0 :<br >\n-Fournir nos services, ainsi que les am\u00e9liorer.<br >\n-Proposer des publicit\u00e9s pertinentes.<br >\n-Garantir la conformit\u00e9 juridique et lutter contre toute activit\u00e9 ill\u00e9gale.<br >\nNous partageons vos donn\u00e9es avec :<br >\n-Les autres Membres.<br >\n-Nos prestataires de services (Firebase, Plateformes Ios et Android)<br >\n-La justice en cas de n\u00e9cessit\u00e9 l\u00e9gale.<br >\n-Les nouveaux d\u00e9cideurs en cas de transaction d\u2019entreprise.\n<br ><br ><br >\n<span  style=\"font-weight: 700;\">7. Transfert de donn\u00e9es transfrontaliers<\/span><br >\nLe partage de donn\u00e9es peut impliquer des transferts de donn\u00e9es transfrontaliers, notamment les USA. Lorsque des donn\u00e9es sont transf\u00e9r\u00e9es vers des pays situ\u00e9s hors de l\u2019Espace Economique Europ\u00e9en, des clauses contractuelles types approuv\u00e9es par la Commission Europ\u00e9enne sont mises en place.\n<br ><br ><br >\n<span  style=\"font-weight: 700;\">8. Temps de conservation de vos donn\u00e9es<\/span><br >\nDans une optique de s\u00e9curit\u00e9, vos donn\u00e9es sont conserv\u00e9es pendant 1 an apr\u00e8s la suppression de votre compte.\n<br ><br ><br >\n<span  style=\"font-weight: 700;\">9. Cookies<\/span><br >Nous utilisons uniquement les cookies essentiels de l\u2019application: Ces cookies sont strictement n\u00e9cessaires pour le bon fonctionnement de l\u2019application.<br ><br ><br >\n<span  style=\"font-weight: 700;\">10. Droits des Membres<\/span><br >\nProtection des donn\u00e9es personnelles<br >\nSelon le R\u00e8glement G\u00e9n\u00e9ral pour la Protection des donn\u00e9es, vous disposez des droits suivants en ce qui concerne vos informations, que vous pouvez exercer \u00e0 tout moment sous forme \u00e9crite :<br >\n-Le droit d\u2019\u00eatre inform\u00e9 :<br >\nLe droit d\u2019\u00eatre inform\u00e9 d\u00e9signe l\u2019obligation du responsable du traitement de garantir \u00ab un traitement loyal des informations \u00bb. Il souligne la n\u00e9cessit\u00e9 de faire preuve de transparence sur la fa\u00e7on dont nous utilisons les donn\u00e9es \u00e0 caract\u00e8re personnel des Membres.<br >\n-Le droit d\u2019acc\u00e8s :<br >\nTout Membre a le droit d\u2019obtenir des informations concernant ses donn\u00e9es \u00e0 caract\u00e8re personnel. Pour cela, vous pouvez aussi acc\u00e9der \u00e0 la rubrique \u00ab G\u00e9rer mon compte \u00bb et \u00ab Modifier mon profil \u00bb.<br >\n-Le droit de rectification :<br >\nTout Membre a le droit d\u2019obtenir la rectification des donn\u00e9es \u00e0 caract\u00e8re personnel la concernant qui sont inexactes. Pour cela, vous pouvez aussi acc\u00e9der \u00e0 la rubrique \u00ab G\u00e9rer mon compte \u00bb et \u00ab Modifier mon profil \u00bb.<br >\n-Le droit \u00e0 l\u2019effacement et \u00e0 l\u2019oubli :<br >\nTout Membre peut demander de supprimer ou d\u2019effacer ses donn\u00e9es \u00e0 caract\u00e8re personnel de son syst\u00e8me, de fa\u00e7on \u00e0 ce que ces donn\u00e9es ne soient plus visibles par des tiers. Le Membre peut \u00e9galement r\u00e9silier d\u00e9finitivement son compte.<br >\nPour r\u00e9silier votre abonnement ou votre compte, vous pouvez aussi acc\u00e9der \u00e0 la rubrique \u00ab G\u00e9rer mon compte \u00bb de l\u2019application et s\u00e9lectionner le bouton \u00ab Supprimer mon compte \u00bb.<br >\n-Le droit \u00e0 la limitation du traitement :<br >\nTout Membre peut demander de cesser le traitement de ses donn\u00e9es \u00e0 caract\u00e8re personnel (le responsable du traitement pourra continuer de stocker ces donn\u00e9es). Votre compte peut \u00e9galement \u00eatre mis en veille en s\u00e9lectionnant le bouton \u00ab Suspendre \/ R\u00e9activer mon profil \u00bb (Votre profil n\u2019appara\u00eetra plus sur Jaipastonstyle, vos informations de compte et de profil sont conserv\u00e9es, vous pourrez r\u00e9activer votre profil \u00e0 tout moment).<br >\n-Le droit \u00e0 la portabilit\u00e9 des donn\u00e9es :<br >\nTout Membre peut demander au responsable du traitement de recevoir des informations dans un format structur\u00e9, couramment utilis\u00e9 et lisible par machine afin que la personne concern\u00e9e puisse transmettre ces donn\u00e9es \u00e0 un autre responsable du traitement sans que le responsable du traitement auquel les donn\u00e9es \u00e0 caract\u00e8re personnel ont \u00e9t\u00e9 communiqu\u00e9es y fasse obstacle. Pour cela vous pouvez aller dans la rubrique \u00ab contact \u00bb de l\u2019application ou nous \u00e9crire par voie postale.<br >\n-Le droit d\u2019opposition :<br >\nTout Membre peut imposer de ne plus traiter ses donn\u00e9es \u00e0 caract\u00e8re personnel s\u2019il n\u2019existe aucune raison l\u00e9gitime au traitement de ces donn\u00e9es. Pour cela vous pouvez aller dans la rubrique \u00ab contact \u00bb de l\u2019application ou nous \u00e9crire par voie postale.<br >\n-Le droit de retirer son consentement \u00e0 tout moment :<br >\nTout Membre peut annuler le consentement \u00e9mis \u00e0 n\u2019importe quel moment. Pour annuler votre consentement, il vous suffit de nous contacter. Le retrait du consentement n\u2019affectera pas la lic\u00e9it\u00e9 du traitement fond\u00e9e sur le consentement avant son retrait. Pour cela vous pouvez aller dans la rubrique \u00ab contact \u00bb de l\u2019application ou nous \u00e9crire par voie postale.<br >\n-Le droit de soumettre une r\u00e9clamation aupr\u00e8s d\u2019une autorit\u00e9 de contr\u00f4le :<br >\nSi vous n\u2019avez pas de r\u00e9ponse de notre part dans un d\u00e9lai d\u2019un mois, vous pouvez introduire une r\u00e9clamation aupr\u00e8s de l\u2019autorit\u00e9 de contr\u00f4le et tenter d\u2019obtenir un recours juridictionnel.\n<br ><br ><br >\n<span  style=\"font-weight: 700;\">11. Modification de la politique de confidentialit\u00e9<\/span><br >\nJaipastonstyle se r\u00e9serve le droit de modifier les Conditions G\u00e9n\u00e9rales d\u2019Utilisation pour am\u00e9liorer l\u2019application ou r\u00e9pondre \u00e0 l\u2019\u00e9volution des lois. Vous serez alors pr\u00e9venus par notification.\n<br ><br ><br >\n<span  style=\"font-weight: 700;\">12. R\u00e9clamation concernant la politique de confidentialit\u00e9<\/span><br >\nToute r\u00e9clamation doit \u00eatre effectu\u00e9e via l\u2019application dans l\u2019onglet  \u00ab contact \u00bb de la rubrique \u00ab G\u00e9rer mon compte \u00bb du menu ou par voie postale \u00e0 l\u2019adresse suivante :<br >\nSAS Jaipastonstyle12 Chemin de Lann Ar Waremm, 22560 PLEUMEUR BODOU<\/p>\n<h2 ><\/h2>\n<h3 ><\/h3>\n<p ><\/p>\n<p ><\/p>\n<h3 ><\/h3>\n<p ><\/p>\n<h3 ><\/h3>\n<h3 ><\/h3>\n<p ><\/p>\n<p ><\/p>\n<p ><\/p>\n<p ><\/p>\n<h3 ><\/h3>\n<p ><\/p>\n<p ><\/p>\n<h3 ><\/h3>\n<h2 ><\/h2>\n<h2 ><\/h2>\n<p ><\/p>\n<p ><\/p>\n<h2 ><\/h2>\n<p ><\/p>\n<h2 ><\/h2>\n<p ><\/p>\n<h2 ><\/h2>\n<h2 ><\/h2>\n<h3 ><\/h3>\n<h3 ><\/h3>\n<h3 ><\/h3>\n<h3 ><\/h3>\n<h3 ><\/h3>\n\n          <\/div>\n      <\/div>\n  <\/div>\n<\/div>","protected":false},"excerpt":{"rendered":"<p>POLITIQUE DE CONFIDENTIALITE DE JAIPASTONSTYLE La pr\u00e9sente Politique de confidentialit\u00e9 a pour objet de vous aider \u00e0 comprendre comment nous traitons vos donn\u00e9es. 1. Types de donn\u00e9es recueillies: Donn\u00e9es prot\u00e9g\u00e9es Les donn\u00e9es suivantes que vous nous fournissez sont prot\u00e9g\u00e9es : -Pseudonyme ou pr\u00e9nom -Adresse e-mail -Num\u00e9ro de t\u00e9l\u00e9phone mobile et adresse IP d\u2019achat -Coordonn\u00e9es de&hellip; <br \/> <a class=\"read-more\" href=\"https:\/\/jaipastonstyle.com\/index.php\/politique-de-confidentialite\/\">Read more<\/a><\/p>\n","protected":false},"author":1,"featured_media":0,"parent":0,"menu_order":0,"comment_status":"closed","ping_status":"open","template":"pro\/page-templates\/full-width-page.php","meta":{"footnotes":""},"class_list":["post-3","page","type-page","status-publish","hentry"],"yoast_head":"<!-- This site is optimized with the Yoast SEO plugin v23.9 - https:\/\/yoast.com\/wordpress\/plugins\/seo\/ -->\n<title>Politique de confidentialit\u00e9 -<\/title>\n<meta name=\"description\" content=\"donn\u00e9es personnelles cookies application jaipastonstyle donn\u00e9es sensibles traitement protection transfert transfrontaliers temps conservation r\u00e9clamation\" \/>\n<meta name=\"robots\" content=\"index, follow, max-snippet:-1, max-image-preview:large, max-video-preview:-1\" \/>\n<link rel=\"canonical\" href=\"https:\/\/jaipastonstyle.com\/index.php\/politique-de-confidentialite\/\" \/>\n<meta property=\"og:locale\" content=\"fr_FR\" \/>\n<meta property=\"og:type\" content=\"article\" \/>\n<meta property=\"og:title\" content=\"Politique de confidentialit\u00e9 -\" \/>\n<meta property=\"og:description\" content=\"donn\u00e9es personnelles cookies application jaipastonstyle donn\u00e9es sensibles traitement protection transfert transfrontaliers temps conservation r\u00e9clamation\" \/>\n<meta property=\"og:url\" content=\"https:\/\/jaipastonstyle.com\/index.php\/politique-de-confidentialite\/\" \/>\n<meta property=\"article:publisher\" content=\"https:\/\/www.facebook.com\/jaipastonstyleofficiel\" \/>\n<meta property=\"article:modified_time\" content=\"2022-01-30T18:54:48+00:00\" \/>\n<meta name=\"twitter:card\" content=\"summary_large_image\" \/>\n<meta name=\"twitter:label1\" content=\"Dur\u00e9e de lecture estim\u00e9e\" \/>\n\t<meta name=\"twitter:data1\" content=\"7 minutes\" \/>\n<script type=\"application\/ld+json\" class=\"yoast-schema-graph\">{\"@context\":\"https:\/\/schema.org\",\"@graph\":[{\"@type\":\"WebPage\",\"@id\":\"https:\/\/jaipastonstyle.com\/index.php\/politique-de-confidentialite\/\",\"url\":\"https:\/\/jaipastonstyle.com\/index.php\/politique-de-confidentialite\/\",\"name\":\"Politique de confidentialit\u00e9 -\",\"isPartOf\":{\"@id\":\"https:\/\/jaipastonstyle.com\/#website\"},\"datePublished\":\"2018-08-24T17:02:41+00:00\",\"dateModified\":\"2022-01-30T18:54:48+00:00\",\"description\":\"donn\u00e9es personnelles cookies application jaipastonstyle donn\u00e9es sensibles traitement protection transfert transfrontaliers temps conservation r\u00e9clamation\",\"breadcrumb\":{\"@id\":\"https:\/\/jaipastonstyle.com\/index.php\/politique-de-confidentialite\/#breadcrumb\"},\"inLanguage\":\"fr-FR\",\"potentialAction\":[{\"@type\":\"ReadAction\",\"target\":[\"https:\/\/jaipastonstyle.com\/index.php\/politique-de-confidentialite\/\"]}]},{\"@type\":\"BreadcrumbList\",\"@id\":\"https:\/\/jaipastonstyle.com\/index.php\/politique-de-confidentialite\/#breadcrumb\",\"itemListElement\":[{\"@type\":\"ListItem\",\"position\":1,\"name\":\"Accueil\",\"item\":\"https:\/\/jaipastonstyle.com\/\"},{\"@type\":\"ListItem\",\"position\":2,\"name\":\"Politique de confidentialit\u00e9\"}]},{\"@type\":\"WebSite\",\"@id\":\"https:\/\/jaipastonstyle.com\/#website\",\"url\":\"https:\/\/jaipastonstyle.com\/\",\"name\":\"JaipastonStyle\",\"description\":\"Jaipastonstyle Pour des rencontres ouvertes \u00e0 la diff\u00e9rence\",\"potentialAction\":[{\"@type\":\"SearchAction\",\"target\":{\"@type\":\"EntryPoint\",\"urlTemplate\":\"https:\/\/jaipastonstyle.com\/?s={search_term_string}\"},\"query-input\":{\"@type\":\"PropertyValueSpecification\",\"valueRequired\":true,\"valueName\":\"search_term_string\"}}],\"inLanguage\":\"fr-FR\"}]}<\/script>\n<!-- \/ Yoast SEO plugin. -->","yoast_head_json":{"title":"Politique de confidentialit\u00e9 -","description":"donn\u00e9es personnelles cookies application jaipastonstyle donn\u00e9es sensibles traitement protection transfert transfrontaliers temps conservation r\u00e9clamation","robots":{"index":"index","follow":"follow","max-snippet":"max-snippet:-1","max-image-preview":"max-image-preview:large","max-video-preview":"max-video-preview:-1"},"canonical":"https:\/\/jaipastonstyle.com\/index.php\/politique-de-confidentialite\/","og_locale":"fr_FR","og_type":"article","og_title":"Politique de confidentialit\u00e9 -","og_description":"donn\u00e9es personnelles cookies application jaipastonstyle donn\u00e9es sensibles traitement protection transfert transfrontaliers temps conservation r\u00e9clamation","og_url":"https:\/\/jaipastonstyle.com\/index.php\/politique-de-confidentialite\/","article_publisher":"https:\/\/www.facebook.com\/jaipastonstyleofficiel","article_modified_time":"2022-01-30T18:54:48+00:00","twitter_card":"summary_large_image","twitter_misc":{"Dur\u00e9e de lecture estim\u00e9e":"7 minutes"},"schema":{"@context":"https:\/\/schema.org","@graph":[{"@type":"WebPage","@id":"https:\/\/jaipastonstyle.com\/index.php\/politique-de-confidentialite\/","url":"https:\/\/jaipastonstyle.com\/index.php\/politique-de-confidentialite\/","name":"Politique de confidentialit\u00e9 -","isPartOf":{"@id":"https:\/\/jaipastonstyle.com\/#website"},"datePublished":"2018-08-24T17:02:41+00:00","dateModified":"2022-01-30T18:54:48+00:00","description":"donn\u00e9es personnelles cookies application jaipastonstyle donn\u00e9es sensibles traitement protection transfert transfrontaliers temps conservation r\u00e9clamation","breadcrumb":{"@id":"https:\/\/jaipastonstyle.com\/index.php\/politique-de-confidentialite\/#breadcrumb"},"inLanguage":"fr-FR","potentialAction":[{"@type":"ReadAction","target":["https:\/\/jaipastonstyle.com\/index.php\/politique-de-confidentialite\/"]}]},{"@type":"BreadcrumbList","@id":"https:\/\/jaipastonstyle.com\/index.php\/politique-de-confidentialite\/#breadcrumb","itemListElement":[{"@type":"ListItem","position":1,"name":"Accueil","item":"https:\/\/jaipastonstyle.com\/"},{"@type":"ListItem","position":2,"name":"Politique de confidentialit\u00e9"}]},{"@type":"WebSite","@id":"https:\/\/jaipastonstyle.com\/#website","url":"https:\/\/jaipastonstyle.com\/","name":"JaipastonStyle","description":"Jaipastonstyle Pour des rencontres ouvertes \u00e0 la diff\u00e9rence","potentialAction":[{"@type":"SearchAction","target":{"@type":"EntryPoint","urlTemplate":"https:\/\/jaipastonstyle.com\/?s={search_term_string}"},"query-input":{"@type":"PropertyValueSpecification","valueRequired":true,"valueName":"search_term_string"}}],"inLanguage":"fr-FR"}]}},"_links":{"self":[{"href":"https:\/\/jaipastonstyle.com\/index.php\/wp-json\/wp\/v2\/pages\/3","targetHints":{"allow":["GET"]}}],"collection":[{"href":"https:\/\/jaipastonstyle.com\/index.php\/wp-json\/wp\/v2\/pages"}],"about":[{"href":"https:\/\/jaipastonstyle.com\/index.php\/wp-json\/wp\/v2\/types\/page"}],"author":[{"embeddable":true,"href":"https:\/\/jaipastonstyle.com\/index.php\/wp-json\/wp\/v2\/users\/1"}],"replies":[{"embeddable":true,"href":"https:\/\/jaipastonstyle.com\/index.php\/wp-json\/wp\/v2\/comments?post=3"}],"version-history":[{"count":10,"href":"https:\/\/jaipastonstyle.com\/index.php\/wp-json\/wp\/v2\/pages\/3\/revisions"}],"predecessor-version":[{"id":585,"href":"https:\/\/jaipastonstyle.com\/index.php\/wp-json\/wp\/v2\/pages\/3\/revisions\/585"}],"wp:attachment":[{"href":"https:\/\/jaipastonstyle.com\/index.php\/wp-json\/wp\/v2\/media?parent=3"}],"curies":[{"name":"wp","href":"https:\/\/api.w.org\/{rel}","templated":true}]}}