{"id":373,"date":"2018-11-05T12:09:08","date_gmt":"2018-11-05T11:09:08","guid":{"rendered":"https:\/\/jaipastonstyle.com\/?page_id=373"},"modified":"2018-11-05T15:31:16","modified_gmt":"2018-11-05T14:31:16","slug":"erwan-et-amina","status":"publish","type":"page","link":"https:\/\/jaipastonstyle.com\/index.php\/erwan-et-amina\/","title":{"rendered":"Entretien Erwan et Amina"},"content":{"rendered":"<p><strong>Erwan et Amina<\/strong><\/p>\n<p>&nbsp;<\/p>\n<p><em>Erwan et Amina forment un couple avec des styles bien diff\u00e9rents. Ils sont surtout bien compl\u00e9mentaires\u2026<\/em><\/p>\n<p>&nbsp;<\/p>\n<p><strong><em>Jaipastonstyle\u00a0:<\/em><\/strong><\/p>\n<p><em>Bonjour \u00e0 tous les deux. Pour commencer, pourriez-vous nous parler de vos diff\u00e9rences\u00a0?<\/em><\/p>\n<p>&nbsp;<\/p>\n<p><strong>Amina\u00a0:<\/strong><\/p>\n<p>Ce ne sont pas nos diff\u00e9rences les plus apparentes en lien avec nos origines qui sont les plus importantes pour nous. C\u2019est-\u00e0-dire qu\u2019elles n\u2019ont pas de r\u00e9el impact sur notre relation. Ces diff\u00e9rences d\u2019origine ethnique, religieuse voir culturelle sont accept\u00e9es\u00a0; \u00e9ventuellement appr\u00e9ci\u00e9es dans une id\u00e9e d\u2019ouverture\u00a0; mais elles n\u2019ont pas \u00e9t\u00e9 le principal moteur d\u2019une attirance l\u2019un vers l\u2019autre.<\/p>\n<p>&nbsp;<\/p>\n<p><strong>Erwan\u00a0:<\/strong><\/p>\n<p>C\u2019est exactement \u00e7a. Je tiens juste \u00e0 pr\u00e9ciser que j\u2019ai \u00e9t\u00e9 attir\u00e9 par son apparence physique, diff\u00e9rente, typ\u00e9e. Mais ce qui m\u2019a vraiment s\u00e9duit tient plus \u00e0 la personnalit\u00e9 d\u2019Amina.<\/p>\n<p>&nbsp;<\/p>\n<p>&nbsp;<\/p>\n<p><strong><em>Jaipastonstyle\u00a0:<\/em><\/strong><\/p>\n<p><em>Justement, au niveau de vos personnalit\u00e9s\u00a0: sont-elles diff\u00e9rentes\u00a0? Compl\u00e9mentaires\u00a0?<\/em><\/p>\n<p>&nbsp;<\/p>\n<p><strong>Amina\u00a0:<\/strong><\/p>\n<p>Nos diff\u00e9rences en termes de personnalit\u00e9 am\u00e8nent de la compl\u00e9mentarit\u00e9 dans notre fonctionnement. Avec par exemple un hyper actif qui peut booster par moment une personne plus pos\u00e9e. Et cette personne plus pos\u00e9e qui peut calmer son trop plein d\u2019activit\u00e9.<\/p>\n<p>&nbsp;<\/p>\n<p><strong>Erwan\u00a0:<\/strong><\/p>\n<p>En plus de cela, il me semble important au niveau des centres d\u2019int\u00e9r\u00eat que nous puissions vivre nos passions ind\u00e9pendamment l\u2019un de l\u2019autre.<\/p>\n<p>Je ne me voyais plus vivre avec une super-sportive, dans une d\u00e9pendance qui nous enferme.<\/p>\n<p>Cela nous permet de cultiver nos diff\u00e9rences, sans rompre notre lien.<\/p>\n<p>Ne pas \u00eatre d\u00e9pendant l\u2019un de l\u2019autre, mais pouvoir se retrouver et \u00e9changer de nos exp\u00e9riences particuli\u00e8res.<\/p>\n<p>Concr\u00e8tement, nos \u00e9changes intellectuels avec Amina sont essentiels pour moi en termes d\u2019ouverture.<\/p>\n<p>Je suis \u00e9galement heureux de faire d\u00e9couvrir des pratiques sportives \u00e0 une personne non initi\u00e9e ni forc\u00e9ment volontaire au d\u00e9part.<\/p>\n<p>&nbsp;<\/p>\n<p><strong>Amina\u00a0:<\/strong><\/p>\n<p>J\u2019ai ador\u00e9 qu\u2019Erwan me fasse d\u00e9couvrir des activit\u00e9s.<\/p>\n<p>Pour que cela fonctionne, il faut pour l\u2019un et l\u2019autre aient beaucoup de force de caract\u00e8re, de capacit\u00e9 \u00e0 \u00eatre ind\u00e9pendant.<\/p>\n<p>C\u2019est ce que nous avons en commun et qui nous permet de cultiver nos diff\u00e9rences.<\/p>\n<p>&nbsp;<\/p>\n<p>&nbsp;<\/p>\n<p><strong>Jaipastonstyle<\/strong><\/p>\n<p>Cette force de caract\u00e8re amenant votre capacit\u00e9 \u00e0 \u00eatre ind\u00e9pendant pourrait donc \u00eatre consid\u00e9r\u00e9e comme une valeur commune, ciment de votre couple. Quelles seraient vos autres valeurs communes\u00a0?<\/p>\n<p>&nbsp;<\/p>\n<p><strong>Amina:<\/strong><\/p>\n<p>On ne va peut-\u00eatre pas \u00eatre tr\u00e8s originaux, mais c\u2019est la g\u00e9n\u00e9rosit\u00e9 et l\u2019amour t\u00e9moign\u00e9 r\u00e9ciproquement\u2026 Se soutenir, s\u2019entraider.<\/p>\n<p>&nbsp;<\/p>\n<p><strong>Erwan\u00a0:<\/strong><\/p>\n<p>En plus, un des facteurs cl\u00e9 est pour nous je pense le rire : j\u2019aime ne pas \u00eatre s\u00e9rieux, rigoler de tout et elle aime rire \u00e0 toutes mes blagues (tr\u00e8s rare Ahahah).<\/p>\n<p>L\u2019entendre rire me remplit de bonheur au quotidien &#8230;\u2764<\/p>\n","protected":false},"excerpt":{"rendered":"<p>Erwan et Amina &nbsp; Erwan et Amina forment un couple avec des styles bien diff\u00e9rents. Ils sont surtout bien compl\u00e9mentaires\u2026 &nbsp; Jaipastonstyle\u00a0: Bonjour \u00e0 tous les deux. Pour commencer, pourriez-vous nous parler de vos diff\u00e9rences\u00a0? &nbsp; Amina\u00a0: Ce ne sont pas nos diff\u00e9rences les plus apparentes en lien avec nos origines qui sont les plus&hellip; <br \/> <a class=\"read-more\" href=\"https:\/\/jaipastonstyle.com\/index.php\/erwan-et-amina\/\">Read more<\/a><\/p>\n","protected":false},"author":1,"featured_media":0,"parent":0,"menu_order":0,"comment_status":"closed","ping_status":"closed","template":"","meta":{"footnotes":""},"class_list":["post-373","page","type-page","status-publish","hentry"],"yoast_head":"<!-- This site is optimized with the Yoast SEO plugin v23.9 - https:\/\/yoast.com\/wordpress\/plugins\/seo\/ -->\n<title>Entretien Erwan et Amina -<\/title>\n<meta name=\"robots\" content=\"index, follow, max-snippet:-1, max-image-preview:large, max-video-preview:-1\" \/>\n<link rel=\"canonical\" href=\"https:\/\/jaipastonstyle.com\/index.php\/erwan-et-amina\/\" \/>\n<meta property=\"og:locale\" content=\"fr_FR\" \/>\n<meta property=\"og:type\" content=\"article\" \/>\n<meta property=\"og:title\" content=\"Entretien Erwan et Amina -\" \/>\n<meta property=\"og:description\" content=\"Erwan et Amina &nbsp; Erwan et Amina forment un couple avec des styles bien diff\u00e9rents. Ils sont surtout bien compl\u00e9mentaires\u2026 &nbsp; Jaipastonstyle\u00a0: Bonjour \u00e0 tous les deux. Pour commencer, pourriez-vous nous parler de vos diff\u00e9rences\u00a0? &nbsp; Amina\u00a0: Ce ne sont pas nos diff\u00e9rences les plus apparentes en lien avec nos origines qui sont les plus&hellip; Read more\" \/>\n<meta property=\"og:url\" content=\"https:\/\/jaipastonstyle.com\/index.php\/erwan-et-amina\/\" \/>\n<meta property=\"article:publisher\" content=\"https:\/\/www.facebook.com\/jaipastonstyleofficiel\" \/>\n<meta property=\"article:modified_time\" content=\"2018-11-05T14:31:16+00:00\" \/>\n<meta name=\"twitter:card\" content=\"summary_large_image\" \/>\n<meta name=\"twitter:label1\" content=\"Dur\u00e9e de lecture estim\u00e9e\" \/>\n\t<meta name=\"twitter:data1\" content=\"2 minutes\" \/>\n<script type=\"application\/ld+json\" class=\"yoast-schema-graph\">{\"@context\":\"https:\/\/schema.org\",\"@graph\":[{\"@type\":\"WebPage\",\"@id\":\"https:\/\/jaipastonstyle.com\/index.php\/erwan-et-amina\/\",\"url\":\"https:\/\/jaipastonstyle.com\/index.php\/erwan-et-amina\/\",\"name\":\"Entretien Erwan et Amina -\",\"isPartOf\":{\"@id\":\"https:\/\/jaipastonstyle.com\/#website\"},\"datePublished\":\"2018-11-05T11:09:08+00:00\",\"dateModified\":\"2018-11-05T14:31:16+00:00\",\"breadcrumb\":{\"@id\":\"https:\/\/jaipastonstyle.com\/index.php\/erwan-et-amina\/#breadcrumb\"},\"inLanguage\":\"fr-FR\",\"potentialAction\":[{\"@type\":\"ReadAction\",\"target\":[\"https:\/\/jaipastonstyle.com\/index.php\/erwan-et-amina\/\"]}]},{\"@type\":\"BreadcrumbList\",\"@id\":\"https:\/\/jaipastonstyle.com\/index.php\/erwan-et-amina\/#breadcrumb\",\"itemListElement\":[{\"@type\":\"ListItem\",\"position\":1,\"name\":\"Accueil\",\"item\":\"https:\/\/jaipastonstyle.com\/\"},{\"@type\":\"ListItem\",\"position\":2,\"name\":\"Entretien Erwan et Amina\"}]},{\"@type\":\"WebSite\",\"@id\":\"https:\/\/jaipastonstyle.com\/#website\",\"url\":\"https:\/\/jaipastonstyle.com\/\",\"name\":\"JaipastonStyle\",\"description\":\"Jaipastonstyle Pour des rencontres ouvertes \u00e0 la diff\u00e9rence\",\"potentialAction\":[{\"@type\":\"SearchAction\",\"target\":{\"@type\":\"EntryPoint\",\"urlTemplate\":\"https:\/\/jaipastonstyle.com\/?s={search_term_string}\"},\"query-input\":{\"@type\":\"PropertyValueSpecification\",\"valueRequired\":true,\"valueName\":\"search_term_string\"}}],\"inLanguage\":\"fr-FR\"}]}<\/script>\n<!-- \/ Yoast SEO plugin. -->","yoast_head_json":{"title":"Entretien Erwan et Amina -","robots":{"index":"index","follow":"follow","max-snippet":"max-snippet:-1","max-image-preview":"max-image-preview:large","max-video-preview":"max-video-preview:-1"},"canonical":"https:\/\/jaipastonstyle.com\/index.php\/erwan-et-amina\/","og_locale":"fr_FR","og_type":"article","og_title":"Entretien Erwan et Amina -","og_description":"Erwan et Amina &nbsp; Erwan et Amina forment un couple avec des styles bien diff\u00e9rents. Ils sont surtout bien compl\u00e9mentaires\u2026 &nbsp; Jaipastonstyle\u00a0: Bonjour \u00e0 tous les deux. Pour commencer, pourriez-vous nous parler de vos diff\u00e9rences\u00a0? &nbsp; Amina\u00a0: Ce ne sont pas nos diff\u00e9rences les plus apparentes en lien avec nos origines qui sont les plus&hellip; Read more","og_url":"https:\/\/jaipastonstyle.com\/index.php\/erwan-et-amina\/","article_publisher":"https:\/\/www.facebook.com\/jaipastonstyleofficiel","article_modified_time":"2018-11-05T14:31:16+00:00","twitter_card":"summary_large_image","twitter_misc":{"Dur\u00e9e de lecture estim\u00e9e":"2 minutes"},"schema":{"@context":"https:\/\/schema.org","@graph":[{"@type":"WebPage","@id":"https:\/\/jaipastonstyle.com\/index.php\/erwan-et-amina\/","url":"https:\/\/jaipastonstyle.com\/index.php\/erwan-et-amina\/","name":"Entretien Erwan et Amina -","isPartOf":{"@id":"https:\/\/jaipastonstyle.com\/#website"},"datePublished":"2018-11-05T11:09:08+00:00","dateModified":"2018-11-05T14:31:16+00:00","breadcrumb":{"@id":"https:\/\/jaipastonstyle.com\/index.php\/erwan-et-amina\/#breadcrumb"},"inLanguage":"fr-FR","potentialAction":[{"@type":"ReadAction","target":["https:\/\/jaipastonstyle.com\/index.php\/erwan-et-amina\/"]}]},{"@type":"BreadcrumbList","@id":"https:\/\/jaipastonstyle.com\/index.php\/erwan-et-amina\/#breadcrumb","itemListElement":[{"@type":"ListItem","position":1,"name":"Accueil","item":"https:\/\/jaipastonstyle.com\/"},{"@type":"ListItem","position":2,"name":"Entretien Erwan et Amina"}]},{"@type":"WebSite","@id":"https:\/\/jaipastonstyle.com\/#website","url":"https:\/\/jaipastonstyle.com\/","name":"JaipastonStyle","description":"Jaipastonstyle Pour des rencontres ouvertes \u00e0 la diff\u00e9rence","potentialAction":[{"@type":"SearchAction","target":{"@type":"EntryPoint","urlTemplate":"https:\/\/jaipastonstyle.com\/?s={search_term_string}"},"query-input":{"@type":"PropertyValueSpecification","valueRequired":true,"valueName":"search_term_string"}}],"inLanguage":"fr-FR"}]}},"_links":{"self":[{"href":"https:\/\/jaipastonstyle.com\/index.php\/wp-json\/wp\/v2\/pages\/373","targetHints":{"allow":["GET"]}}],"collection":[{"href":"https:\/\/jaipastonstyle.com\/index.php\/wp-json\/wp\/v2\/pages"}],"about":[{"href":"https:\/\/jaipastonstyle.com\/index.php\/wp-json\/wp\/v2\/types\/page"}],"author":[{"embeddable":true,"href":"https:\/\/jaipastonstyle.com\/index.php\/wp-json\/wp\/v2\/users\/1"}],"replies":[{"embeddable":true,"href":"https:\/\/jaipastonstyle.com\/index.php\/wp-json\/wp\/v2\/comments?post=373"}],"version-history":[{"count":3,"href":"https:\/\/jaipastonstyle.com\/index.php\/wp-json\/wp\/v2\/pages\/373\/revisions"}],"predecessor-version":[{"id":386,"href":"https:\/\/jaipastonstyle.com\/index.php\/wp-json\/wp\/v2\/pages\/373\/revisions\/386"}],"wp:attachment":[{"href":"https:\/\/jaipastonstyle.com\/index.php\/wp-json\/wp\/v2\/media?parent=373"}],"curies":[{"name":"wp","href":"https:\/\/api.w.org\/{rel}","templated":true}]}}