{"id":385,"date":"2018-11-05T15:41:00","date_gmt":"2018-11-05T14:41:00","guid":{"rendered":"https:\/\/jaipastonstyle.com\/?page_id=385"},"modified":"2019-01-24T11:40:29","modified_gmt":"2019-01-24T10:40:29","slug":"entretien-caroline","status":"publish","type":"page","link":"https:\/\/jaipastonstyle.com\/index.php\/entretien-caroline\/","title":{"rendered":"Entretien Caroline"},"content":{"rendered":"<h3>Pourquoi parler des \u00ab\u00a0choses qui f\u00e2chent\u00a0\u00bb?<\/h3>\n<p><em>Etre diff\u00e9rents, \u00e7a veut aussi dire avoir des id\u00e9es diff\u00e9rentes et des d\u00e9saccords. L\u2019essentiel ne serait-il pas de trouver une mani\u00e8re commune de traiter ces d\u00e9saccords ?<\/em><\/p>\n<p><em>Caroline, formatrice et coach notamment dans le domaine des Ressources Humaines, nous fait profiter de son exp\u00e9rience et de sa r\u00e9flexion sur ce qui pourrait appara\u00eetre comme un gros mot dans un site de rencontre : \u00ab le conflit \u00bb\u2026<\/em><br \/>\n<em>On ne rencontre pas quelqu\u2019un pour s\u2019engueuler avec lui !! On est d\u2019accord.<\/em><br \/>\n<em>Mais si on arrive \u00e0 trouver une fa\u00e7on commune de traiter les d\u00e9saccords, ne serait-ce peut-\u00eatre pas d\u00e9j\u00e0 une forme de valeur commune sur laquelle on peut s\u2019appuyer pour construire la relation?<\/em><\/p>\n<h3>Caroline nous \u00e9claire:<\/h3>\n<p><strong><em>Jaipastonstyle:<\/em><\/strong><br \/>\n<strong><em>Bonjour Caroline, pourriez-vous dans un premier temps aborder cette notion de conflit dans le cadre qui est principalement le v\u00f4tre : celui de l\u2019entreprise.<\/em><\/strong><\/p>\n<p><strong>Caroline :<\/strong><br \/>\nToute une tradition pr\u00e9sente la vie normale d\u2019une entreprise comme une vie sans conflit. Etre en conflit devient une faiblesse, et de nombreuses th\u00e9ories d\u2019organisations pr\u00f4nent le consensus, la coh\u00e9sion d\u2019\u00e9quipe comme quelque chose de naturel.<\/p>\n<p>Or, dans le cadre du travail c\u2019est le conflit qui est naturel ! Nous ne vivons pas au pays des \u00ab Bisounours \u00bb. C\u2019est m\u00eame l\u2019absence de conflit qui devrait nous inqui\u00e9ter\u2026 (Objectifs de confort, aucun d\u00e9fi\u2026).<\/p>\n<p>Pour autant les conflits g\u00e9n\u00e8rent beaucoup de stress, et sont souvent source de d\u00e9motivation. L\u2019\u00e9nergie gaspill\u00e9e \u00e0 se battre, \u00e0 pr\u00e9parer sa revanche ou \u00e0 ranimer ses ranc\u0153urs pourrait \u00eatre mise au service d\u2019activit\u00e9s positives et constructives. D\u2019ailleurs nous confondons souvent d\u00e9saccords et conflits. Ce n\u2019est pas parce que l\u2019autre n\u2019est pas d\u2019accord avec moi que je suis forc\u00e9ment en conflit avec lui. Il y a en effet des conflits st\u00e9riles et des conflits cr\u00e9ateurs.<\/p>\n<p>Les premiers (les conflits st\u00e9riles) peuvent \u00eatre d\u00e9clar\u00e9s ou bien larv\u00e9s et encore refoul\u00e9s. Ils perturbent ou d\u00e9truisent une relation, figent les gens dans leurs attitudes r\u00e9actives, font exploser les cadres formels, et conduisent les individus au non-respect et \u00e0 la violence.<\/p>\n<p>Les seconds (les conflits cr\u00e9ateurs) am\u00e8nent une \u00e9volution personnelle, permettent de d\u00e9finir, d\u2019affirmer ou de r\u00e9affirmer un cadre, une loi, des r\u00e8gles. Ces \u00ab conflits cr\u00e9ateurs \u00bb conduisent \u00e0 coop\u00e9rer et \u00e0 rechercher ensemble des solutions. Ils enrichissent la communication et finissent par donner un sentiment de force et d\u2019autorit\u00e9 aux personnes engag\u00e9es.<\/p>\n<p><strong><em>Jaipastonstyle :<\/em><\/strong><br \/>\n<strong><em>Merci pour ces pr\u00e9cisions sur les d\u00e9saccords, les conflits st\u00e9riles et les conflits cr\u00e9ateurs pouvant exister au sein de l\u2019entreprise. Ces ph\u00e9nom\u00e8nes sont-ils transf\u00e9rables par exemple dans le cadre d\u2019une relation amoureuse ?<\/em><\/strong><\/p>\n<p><strong>Caroline :<\/strong><br \/>\nCe qui se passe dans le cadre d\u2019une entreprise lambda peut parfaitement s\u2019appliquer \u00e0 la grande Entreprise qu\u2019est l\u2019AMOUR !<\/p>\n<p>Dans un couple, les conflits sont naturels, ils peuvent \u00eatre une belle opportunit\u00e9 d\u2019approfondir, d\u2019innover et de faire avancer les choses. Encore faut-il savoir aborder et g\u00e9rer les tensions et les d\u00e9saccords avec calme et raison pour trouver des solutions constructives pour le couple.<br \/>\nLa premi\u00e8re \u00e9tape est de d\u00e9couvrir l\u2019origine (souvent cach\u00e9e) du conflit et les facteurs souterrains qui les d\u00e9clenchent. Posons-nous ces questions : Quel est notre r\u00f4le privil\u00e9gi\u00e9 ? Qu\u2019est-ce qui est important pour moi ? Quelles sont les valeurs auxquelles je tiens particuli\u00e8rement ? Puis, abordons la situation conflictuelle en prenant conscience que nous la voyons \u00e0 travers nos propres filtres que sont nos \u00e9motions.<\/p>\n<p>Regardons nos \u00e9motions en face. Est-ce de la col\u00e8re ? De la peur ? Se reconnecter \u00e0 nos \u00e9motions n\u2019est pas chose ais\u00e9e.<\/p>\n<p><em><strong>Jaipastonstyle :<\/strong><\/em><br \/>\n<strong><em>Comme vous le dites, ce n\u2019est pas chose ais\u00e9e. Comment arriver \u00e0 se reconnecter \u00e0 ses \u00e9motions ?<\/em><\/strong><\/p>\n<p><strong>Caroline<\/strong> :<\/p>\n<p>Pour vous y aider : \u00e9crivez vos \u00e9motions, c\u2019est-\u00e0-dire \u00e9crivez sur la situation qui vous d\u00e9range dans un petit cahier pendant 5 ou 10mn. Fermez le petit cahier, et repensez \u00e0 ce que vous venez d\u2019\u00e9crire. Forc\u00e9ment, cela va r\u00e9veiller vos \u00e9motions. Puis soyez attentif \u00e0 l\u2019endroit o\u00f9 ces \u00e9motions se manifestent : votre estomac, votre poitrine, votre gorge ? Troisi\u00e8me \u00e9tape : posez-vous la question : s\u2019il y avait un message l\u00e0-derri\u00e8re, une autre fa\u00e7on de voir les choses ? N\u2019attendez pas la r\u00e9ponse, passez \u00e0 autre chose et recommencez le m\u00eame exercice pendant 3 jours cons\u00e9cutifs.<\/p>\n<p><em><strong>Jaipastonstyle :<\/strong><\/em><br \/>\n<strong><em>Si vous aviez un dernier conseil \u00e0 donner par rapport aux situations de conflit dans le couple, quel serait-il ?<\/em><\/strong><\/p>\n<p><strong>Caroline :<\/strong><br \/>\nLa plupart des conflits pourraient se r\u00e9soudre tr\u00e8s facilement gr\u00e2ce \u00e0 la communication dans le couple. Une communication simple, bas\u00e9e sur la confiance et le respect de soi et de l\u2019autre. D\u00e9velopper son assertivit\u00e9 pour instaurer des rapports fond\u00e9s sur le respect mutuel, la confiance et non l\u2019agressivit\u00e9, la manipulation ou encore la fuite\u2026<\/p>\n","protected":false},"excerpt":{"rendered":"<p>Pourquoi parler des \u00ab\u00a0choses qui f\u00e2chent\u00a0\u00bb? Etre diff\u00e9rents, \u00e7a veut aussi dire avoir des id\u00e9es diff\u00e9rentes et des d\u00e9saccords. L\u2019essentiel ne serait-il pas de trouver une mani\u00e8re commune de traiter ces d\u00e9saccords ? Caroline, formatrice et coach notamment dans le domaine des Ressources Humaines, nous fait profiter de son exp\u00e9rience et de sa r\u00e9flexion sur&hellip; <br \/> <a class=\"read-more\" href=\"https:\/\/jaipastonstyle.com\/index.php\/entretien-caroline\/\">Read more<\/a><\/p>\n","protected":false},"author":1,"featured_media":0,"parent":0,"menu_order":0,"comment_status":"closed","ping_status":"closed","template":"","meta":{"footnotes":""},"class_list":["post-385","page","type-page","status-publish","hentry"],"yoast_head":"<!-- This site is optimized with the Yoast SEO plugin v23.9 - https:\/\/yoast.com\/wordpress\/plugins\/seo\/ -->\n<title>Entretien Caroline -<\/title>\n<meta name=\"description\" content=\"Conflit. D\u00e9saccords. Stress. D\u00e9motivation. St\u00e9rile. Conflit constructif. Coop\u00e9rer. Enrichir la relation. Se reconnecter \u00e9motions. Col\u00e8re. Peur. Exercice\" \/>\n<meta name=\"robots\" content=\"index, follow, max-snippet:-1, max-image-preview:large, max-video-preview:-1\" \/>\n<link rel=\"canonical\" href=\"https:\/\/jaipastonstyle.com\/index.php\/entretien-caroline\/\" \/>\n<meta property=\"og:locale\" content=\"fr_FR\" \/>\n<meta property=\"og:type\" content=\"article\" \/>\n<meta property=\"og:title\" content=\"Entretien Caroline -\" \/>\n<meta property=\"og:description\" content=\"Conflit. D\u00e9saccords. Stress. D\u00e9motivation. St\u00e9rile. Conflit constructif. Coop\u00e9rer. Enrichir la relation. Se reconnecter \u00e9motions. Col\u00e8re. Peur. Exercice\" \/>\n<meta property=\"og:url\" content=\"https:\/\/jaipastonstyle.com\/index.php\/entretien-caroline\/\" \/>\n<meta property=\"article:publisher\" content=\"https:\/\/www.facebook.com\/jaipastonstyleofficiel\" \/>\n<meta property=\"article:modified_time\" content=\"2019-01-24T10:40:29+00:00\" \/>\n<meta name=\"twitter:card\" content=\"summary_large_image\" \/>\n<meta name=\"twitter:label1\" content=\"Dur\u00e9e de lecture estim\u00e9e\" \/>\n\t<meta name=\"twitter:data1\" content=\"4 minutes\" \/>\n<script type=\"application\/ld+json\" class=\"yoast-schema-graph\">{\"@context\":\"https:\/\/schema.org\",\"@graph\":[{\"@type\":\"WebPage\",\"@id\":\"https:\/\/jaipastonstyle.com\/index.php\/entretien-caroline\/\",\"url\":\"https:\/\/jaipastonstyle.com\/index.php\/entretien-caroline\/\",\"name\":\"Entretien Caroline -\",\"isPartOf\":{\"@id\":\"https:\/\/jaipastonstyle.com\/#website\"},\"datePublished\":\"2018-11-05T14:41:00+00:00\",\"dateModified\":\"2019-01-24T10:40:29+00:00\",\"description\":\"Conflit. D\u00e9saccords. Stress. D\u00e9motivation. St\u00e9rile. Conflit constructif. Coop\u00e9rer. Enrichir la relation. Se reconnecter \u00e9motions. Col\u00e8re. Peur. Exercice\",\"breadcrumb\":{\"@id\":\"https:\/\/jaipastonstyle.com\/index.php\/entretien-caroline\/#breadcrumb\"},\"inLanguage\":\"fr-FR\",\"potentialAction\":[{\"@type\":\"ReadAction\",\"target\":[\"https:\/\/jaipastonstyle.com\/index.php\/entretien-caroline\/\"]}]},{\"@type\":\"BreadcrumbList\",\"@id\":\"https:\/\/jaipastonstyle.com\/index.php\/entretien-caroline\/#breadcrumb\",\"itemListElement\":[{\"@type\":\"ListItem\",\"position\":1,\"name\":\"Accueil\",\"item\":\"https:\/\/jaipastonstyle.com\/\"},{\"@type\":\"ListItem\",\"position\":2,\"name\":\"Entretien Caroline\"}]},{\"@type\":\"WebSite\",\"@id\":\"https:\/\/jaipastonstyle.com\/#website\",\"url\":\"https:\/\/jaipastonstyle.com\/\",\"name\":\"JaipastonStyle\",\"description\":\"Jaipastonstyle Pour des rencontres ouvertes \u00e0 la diff\u00e9rence\",\"potentialAction\":[{\"@type\":\"SearchAction\",\"target\":{\"@type\":\"EntryPoint\",\"urlTemplate\":\"https:\/\/jaipastonstyle.com\/?s={search_term_string}\"},\"query-input\":{\"@type\":\"PropertyValueSpecification\",\"valueRequired\":true,\"valueName\":\"search_term_string\"}}],\"inLanguage\":\"fr-FR\"}]}<\/script>\n<!-- \/ Yoast SEO plugin. -->","yoast_head_json":{"title":"Entretien Caroline -","description":"Conflit. D\u00e9saccords. Stress. D\u00e9motivation. St\u00e9rile. Conflit constructif. Coop\u00e9rer. Enrichir la relation. Se reconnecter \u00e9motions. Col\u00e8re. Peur. Exercice","robots":{"index":"index","follow":"follow","max-snippet":"max-snippet:-1","max-image-preview":"max-image-preview:large","max-video-preview":"max-video-preview:-1"},"canonical":"https:\/\/jaipastonstyle.com\/index.php\/entretien-caroline\/","og_locale":"fr_FR","og_type":"article","og_title":"Entretien Caroline -","og_description":"Conflit. D\u00e9saccords. Stress. D\u00e9motivation. St\u00e9rile. Conflit constructif. Coop\u00e9rer. Enrichir la relation. Se reconnecter \u00e9motions. Col\u00e8re. Peur. Exercice","og_url":"https:\/\/jaipastonstyle.com\/index.php\/entretien-caroline\/","article_publisher":"https:\/\/www.facebook.com\/jaipastonstyleofficiel","article_modified_time":"2019-01-24T10:40:29+00:00","twitter_card":"summary_large_image","twitter_misc":{"Dur\u00e9e de lecture estim\u00e9e":"4 minutes"},"schema":{"@context":"https:\/\/schema.org","@graph":[{"@type":"WebPage","@id":"https:\/\/jaipastonstyle.com\/index.php\/entretien-caroline\/","url":"https:\/\/jaipastonstyle.com\/index.php\/entretien-caroline\/","name":"Entretien Caroline -","isPartOf":{"@id":"https:\/\/jaipastonstyle.com\/#website"},"datePublished":"2018-11-05T14:41:00+00:00","dateModified":"2019-01-24T10:40:29+00:00","description":"Conflit. D\u00e9saccords. Stress. D\u00e9motivation. St\u00e9rile. Conflit constructif. Coop\u00e9rer. Enrichir la relation. Se reconnecter \u00e9motions. Col\u00e8re. Peur. Exercice","breadcrumb":{"@id":"https:\/\/jaipastonstyle.com\/index.php\/entretien-caroline\/#breadcrumb"},"inLanguage":"fr-FR","potentialAction":[{"@type":"ReadAction","target":["https:\/\/jaipastonstyle.com\/index.php\/entretien-caroline\/"]}]},{"@type":"BreadcrumbList","@id":"https:\/\/jaipastonstyle.com\/index.php\/entretien-caroline\/#breadcrumb","itemListElement":[{"@type":"ListItem","position":1,"name":"Accueil","item":"https:\/\/jaipastonstyle.com\/"},{"@type":"ListItem","position":2,"name":"Entretien Caroline"}]},{"@type":"WebSite","@id":"https:\/\/jaipastonstyle.com\/#website","url":"https:\/\/jaipastonstyle.com\/","name":"JaipastonStyle","description":"Jaipastonstyle Pour des rencontres ouvertes \u00e0 la diff\u00e9rence","potentialAction":[{"@type":"SearchAction","target":{"@type":"EntryPoint","urlTemplate":"https:\/\/jaipastonstyle.com\/?s={search_term_string}"},"query-input":{"@type":"PropertyValueSpecification","valueRequired":true,"valueName":"search_term_string"}}],"inLanguage":"fr-FR"}]}},"_links":{"self":[{"href":"https:\/\/jaipastonstyle.com\/index.php\/wp-json\/wp\/v2\/pages\/385","targetHints":{"allow":["GET"]}}],"collection":[{"href":"https:\/\/jaipastonstyle.com\/index.php\/wp-json\/wp\/v2\/pages"}],"about":[{"href":"https:\/\/jaipastonstyle.com\/index.php\/wp-json\/wp\/v2\/types\/page"}],"author":[{"embeddable":true,"href":"https:\/\/jaipastonstyle.com\/index.php\/wp-json\/wp\/v2\/users\/1"}],"replies":[{"embeddable":true,"href":"https:\/\/jaipastonstyle.com\/index.php\/wp-json\/wp\/v2\/comments?post=385"}],"version-history":[{"count":2,"href":"https:\/\/jaipastonstyle.com\/index.php\/wp-json\/wp\/v2\/pages\/385\/revisions"}],"predecessor-version":[{"id":441,"href":"https:\/\/jaipastonstyle.com\/index.php\/wp-json\/wp\/v2\/pages\/385\/revisions\/441"}],"wp:attachment":[{"href":"https:\/\/jaipastonstyle.com\/index.php\/wp-json\/wp\/v2\/media?parent=385"}],"curies":[{"name":"wp","href":"https:\/\/api.w.org\/{rel}","templated":true}]}}